{"id":5,"date":"2010-07-29T16:30:59","date_gmt":"2010-07-29T16:30:59","guid":{"rendered":"http:\/\/blog.mitbcourses.es\/?page_id=5"},"modified":"2021-10-19T07:58:09","modified_gmt":"2021-10-19T07:58:09","slug":"general-information","status":"publish","type":"page","link":"https:\/\/www.mitbcourses.es\/es\/general-information\/","title":{"rendered":"Informaci\u00f3n"},"content":{"rendered":"\n<p><strong>Del 20 de octubre al 23 de octubre de 2021<\/strong><\/p>\n\n\n\n<p>Directores : Profs. R. Urquiza &amp; A. Hern\u00e1ndez<\/p>\n\n\n\n<p><strong>Destinado a<\/strong><\/p>\n\n\n\n<p>Residentes de ORL (M\u00f3dulo B\u00e1sico)<\/p>\n\n\n\n<p><strong>Profesorado \u2019<\/strong>21<\/p>\n\n\n\n<p>Prof. Thomas Sommers (University of Antwerp, Belgium)                                                                                                                Prof. Rafael Ram\u00edrez Camacho (Universidad Aut\u00f3noma de Madrid)<br>Prof. R. Urquiza (C\u00e1tedra de Otorrinolaringolog\u00eda, Universidad de M\u00e1laga, Espa\u00f1a)<br>Prof. A. Hern\u00e1ndez (C\u00e1tedra de Otorrinolaringolog\u00eda, Universidad de M\u00e1laga; Hospital Costa del Sol, Marbella, Espa\u00f1a)<br>Prof. A. Smith (C\u00e1tedra de Anatom\u00eda, Universidad de M\u00e1laga, Espa\u00f1a)<br>Prof. V. Smith (C\u00e1tedra de Anatom\u00eda, Universidad de M\u00e1laga, Espa\u00f1a<\/p>\n\n\n\n<p><strong>Organizaci\u00f3n:<\/strong><\/p>\n\n\n\n<p>Departamento de Otorrinolaringolog\u00eda. Hospital Costa del Sol.<br>Unidad de Otolog\u00eda<\/p>\n\n\n\n<p><strong>Aspectos Docentes<\/strong><\/p>\n\n\n\n<ul><li>Ense\u00f1anza biling\u00fce en Ingl\u00e9s o Castellano.<\/li><li>Disecci\u00f3n en Huesos Temporales Frescos de cadaver<\/li><li>Cirug\u00eda en Directo Comentada (dos sesiones operatorias simult\u00e1neas transmitidas en circuito cerrado)<\/li><li>Conferencias sobre Aspectos Quir\u00fargicos (Indicaciones, T\u00e9cnicas, Materiales, etc)<\/li><li>Tutorizado Individual en dos idiomas (segun deseos del alumno)<\/li><li>Guia de Disecci\u00f3n, videos, y fotos del curso en DVD para cada participante (se entregar\u00e1 pasado un tiempo de la finalizaci\u00f3n del curso).<\/li><li>Conjunto de instrumentos de disecci\u00f3n para cada alumno.<\/li><\/ul>\n\n\n\n<p><strong>Objetivos:<\/strong><\/p>\n\n\n\n<p>-Profundizar en la anatom\u00eda quir\u00fargica del hueso temporal<\/p>\n\n\n\n<p>-Practicar distintas t\u00e9cnicas quir\u00fargicas b\u00e1sicas en Otocirug\u00eda<\/p>\n\n\n\n<p>-Practicar distintas t\u00e9cnicas quir\u00fargicas avanzadas en Otocirug\u00eda<\/p>\n\n\n\n<p>-Investigaci\u00f3n otoquir\u00fargica espec\u00edfica (en su caso) personalizada<\/p>\n\n\n\n<p><strong>Contenidos<\/strong><\/p>\n\n\n\n<ul><li>Sesi\u00f3n I de disecci\u00f3n virtual 3D<ul><li>Introducci\u00f3n a la Disecci\u00f3n del Hueso temporal.<\/li><\/ul><ul><li>Conferencia \u201cContingente Vascular del Hueso Temporal Humano\u201d. Prof. V. Smith<\/li><li>Conferencia \u201cContingente Neural del Hueso Temporal.Humano\u201d. Prof. A. Smith<\/li><li>Mastoidectom\u00eda, timpanotom\u00eda posterior e identificaci\u00f3n de referencias anatomoquir\u00fargicas<\/li><\/ul><\/li><\/ul>\n\n\n\n<ul><li>Sesi\u00f3n II de disecci\u00f3n virtual 3D<ul><li>Revisi\u00f3n del Trabajo del alumno de la Sesi\u00f3n Virtual 1<\/li><li>Descompresi\u00f3n Facial, Abordaje del Saco Endolinf\u00e1tico<\/li><li>Radicalizaci\u00f3n, Disecci\u00f3n del Laberinto y CAI identificaci\u00f3n de referencias anatomoquir\u00fargicas<\/li><\/ul><\/li><\/ul>\n\n\n\n<ul><li>Sesi\u00f3n I de disecci\u00f3n real en cad\u00e1ver descongelado<ul><li>Conferencia \u201cErgonomia y Tecnica de Diseccion otol\u00f3gica\u201d Prof. Urquiza y Dr Hern\u00e1ndez.<\/li><li>Demostraci\u00f3n de abordaje de planos blandos Postauricular<\/li><li>Demostraci\u00f3n de Mastoidectom\u00eda,<\/li><li>Demostraci\u00f3n de Timpanotom\u00eda posterior e identificaci\u00f3n de referencias anatomoquir\u00fargicas timp\u00e1nicas<\/li><\/ul><\/li><\/ul>\n\n\n\n<ul><li>Sesi\u00f3n II de disecci\u00f3n real en cad\u00e1ver descongelado<ul><li>Revisi\u00f3n del Trabajo del alumno de la Sesi\u00f3n I de disecci\u00f3n en cad\u00e1ver<\/li><li>Descompresi\u00f3n Facial, Abordaje del Saco Endolinf\u00e1tico<\/li><li>Radicalizaci\u00f3n, Disecci\u00f3n del Laberinto y CAI identificaci\u00f3n de referencias anatomoquir\u00fargicas del Pe\u00f1asco<\/li><\/ul><\/li><\/ul>\n\n\n\n<h3>Plazas limitadas actualmente a 8.<\/h3>\n\n\n\n<p>Inscripci\u00f3n:<br>1300 \u20ac<\/p>\n\n\n\n<p>Incluye Disecci\u00f3n Tutorizada, Conferencias, Sesiones de Cirug\u00eda en Directo Almuerzos, Caf\u00e9s, DVD, Diploma incluyendo cr\u00e9ditos y reconocimientos.<\/p>\n\n\n\n<p>Las conferencias ser\u00e1n inidistintamente en espa\u00f1ol o ingles. La tutor\u00eda se hara de acuerdo a la lengua de los participantes.<\/p>\n\n\n\n<p>Es necesario rellenar la solicitud de matricula online para su aceptaci\u00f3n y presentar un test de Ant\u00edgenos o PCR con resultado negativo para SARS-COV-2 \u00f3 certificado de vacunaci\u00f3n COVID19 con pauta completa antes de realizar la disecci\u00f3n.<\/p>\n\n\n\n<p><strong>Informaci\u00f3n<\/strong><\/p>\n\n\n\n<p>Contacto y solicitudes: Dra. P. Rosas +34 660 273 378<br>Email del curso: <a href=\"mailto:mitbcourses@hcs.es\">secretaria@mitbcourses.es<\/a><\/p>\n\n\n\n<p><strong>Laboratorio de disecci\u00f3n:<\/strong><\/p>\n\n\n\n<p>Laboratorio de Hueso Temporal, Facultad de Medicina<br>Boulevard Louis Pasteur, 32<br>Campus Universitario de Teatinos<br>29010 M\u00e1laga<br>Spain<\/p>\n","protected":false},"excerpt":{"rendered":"<p>Del 20 de octubre al 23 de octubre de 2021 Directores : Profs. R. Urquiza &amp; A. Hern\u00e1ndez Destinado a Residentes de ORL (M\u00f3dulo B\u00e1sico) Profesorado \u201921 Prof. Thomas Sommers (University of Antwerp, Belgium) Prof. Rafael Ram\u00edrez Camacho (Universidad Aut\u00f3noma de Madrid)Prof. R. Urquiza (C\u00e1tedra de Otorrinolaringolog\u00eda, Universidad de M\u00e1laga, Espa\u00f1a)Prof. A. Hern\u00e1ndez (C\u00e1tedra de&#8230; <\/p>\n<div class=\"read-more navbutton\"><a href=\"https:\/\/www.mitbcourses.es\/es\/general-information\/\">Leer m\u00e1s<i class=\"fa fa-angle-double-right\"><\/i><\/a><\/div>\n","protected":false},"author":1,"featured_media":0,"parent":0,"menu_order":0,"comment_status":"closed","ping_status":"closed","template":"","meta":[],"translation":{"provider":"WPGlobus","version":"2.7.3","language":"es","enabled_languages":["en","es"],"languages":{"en":{"title":true,"content":true,"excerpt":false},"es":{"title":true,"content":true,"excerpt":false}}},"_links":{"self":[{"href":"https:\/\/www.mitbcourses.es\/es\/wp-json\/wp\/v2\/pages\/5"}],"collection":[{"href":"https:\/\/www.mitbcourses.es\/es\/wp-json\/wp\/v2\/pages"}],"about":[{"href":"https:\/\/www.mitbcourses.es\/es\/wp-json\/wp\/v2\/types\/page"}],"author":[{"embeddable":true,"href":"https:\/\/www.mitbcourses.es\/es\/wp-json\/wp\/v2\/users\/1"}],"replies":[{"embeddable":true,"href":"https:\/\/www.mitbcourses.es\/es\/wp-json\/wp\/v2\/comments?post=5"}],"version-history":[{"count":123,"href":"https:\/\/www.mitbcourses.es\/es\/wp-json\/wp\/v2\/pages\/5\/revisions"}],"predecessor-version":[{"id":512,"href":"https:\/\/www.mitbcourses.es\/es\/wp-json\/wp\/v2\/pages\/5\/revisions\/512"}],"wp:attachment":[{"href":"https:\/\/www.mitbcourses.es\/es\/wp-json\/wp\/v2\/media?parent=5"}],"curies":[{"name":"wp","href":"https:\/\/api.w.org\/{rel}","templated":true}]}}