{"id":367,"date":"2021-05-31T06:27:49","date_gmt":"2021-05-31T06:27:49","guid":{"rendered":"https:\/\/www.mitbcourses.es\/?page_id=367"},"modified":"2021-06-02T21:26:51","modified_gmt":"2021-06-02T21:26:51","slug":"contact","status":"publish","type":"page","link":"https:\/\/www.mitbcourses.es\/es\/contact\/","title":{"rendered":"Contacto"},"content":{"rendered":"\n<p><strong>SECRETAR\u00cdA T\u00c9CNICA<\/strong><\/p>\n\n\n\n<p>Dra. Paloma Rosas Marqu\u00e9s<\/p>\n\n\n\n<p>+34 660 273 378<\/p>\n\n\n\n<p class=\"has-text-align-left\">Departamento de Radiolog\u00eda, Medicina F\u00edsica, Oftalmolog\u00eda y Otorrinolaringolog\u00eda<\/p>\n\n\n\n<p class=\"has-text-align-left\">Facultad de Medicina, Universidad de M\u00e1laga<\/p>\n\n\n\n<p class=\"has-text-align-left\">Boulevard Louis Pasteur, 32. 29010 M\u00e1laga<\/p>\n\n\n\n<div class=\"wp-block-media-text alignwide is-stacked-on-mobile\"><figure class=\"wp-block-media-text__media\"><img alt=\"\"\/><\/figure><div class=\"wp-block-media-text__content\">\n<p class=\"has-large-font-size\"><\/p>\n<\/div><\/div>\n\n\n\n<div class=\"wp-block-group\"><div class=\"wp-block-group__inner-container\"><\/div><\/div>\n\n\n\n<p><\/p>\n\n\n\n<p><\/p>\n\n\n\n<p><\/p>\n","protected":false},"excerpt":{"rendered":"<p>SECRETAR\u00cdA T\u00c9CNICA Dra. Paloma Rosas Marqu\u00e9s +34 660 273 378 Departamento de Radiolog\u00eda, Medicina F\u00edsica, Oftalmolog\u00eda y Otorrinolaringolog\u00eda Facultad de Medicina, Universidad de M\u00e1laga Boulevard Louis Pasteur, 32. 29010 M\u00e1laga<\/p>\n","protected":false},"author":1,"featured_media":0,"parent":0,"menu_order":0,"comment_status":"closed","ping_status":"closed","template":"","meta":[],"translation":{"provider":"WPGlobus","version":"2.7.3","language":"es","enabled_languages":["en","es"],"languages":{"en":{"title":true,"content":true,"excerpt":false},"es":{"title":true,"content":true,"excerpt":false}}},"_links":{"self":[{"href":"https:\/\/www.mitbcourses.es\/es\/wp-json\/wp\/v2\/pages\/367"}],"collection":[{"href":"https:\/\/www.mitbcourses.es\/es\/wp-json\/wp\/v2\/pages"}],"about":[{"href":"https:\/\/www.mitbcourses.es\/es\/wp-json\/wp\/v2\/types\/page"}],"author":[{"embeddable":true,"href":"https:\/\/www.mitbcourses.es\/es\/wp-json\/wp\/v2\/users\/1"}],"replies":[{"embeddable":true,"href":"https:\/\/www.mitbcourses.es\/es\/wp-json\/wp\/v2\/comments?post=367"}],"version-history":[{"count":8,"href":"https:\/\/www.mitbcourses.es\/es\/wp-json\/wp\/v2\/pages\/367\/revisions"}],"predecessor-version":[{"id":480,"href":"https:\/\/www.mitbcourses.es\/es\/wp-json\/wp\/v2\/pages\/367\/revisions\/480"}],"wp:attachment":[{"href":"https:\/\/www.mitbcourses.es\/es\/wp-json\/wp\/v2\/media?parent=367"}],"curies":[{"name":"wp","href":"https:\/\/api.w.org\/{rel}","templated":true}]}}