{"id":310,"date":"2021-05-10T10:37:40","date_gmt":"2021-05-10T10:37:40","guid":{"rendered":"http:\/\/www.mitbcourses.es\/?page_id=310"},"modified":"2021-10-17T11:10:16","modified_gmt":"2021-10-17T11:10:16","slug":"programa","status":"publish","type":"page","link":"https:\/\/www.mitbcourses.es\/es\/programa\/","title":{"rendered":"Programa"},"content":{"rendered":"\n<p>A) <strong>Disecci\u00f3n Virtual en Entorno VES 3D<\/strong><\/p>\n\n\n\n<p>Sesiones con presentaciones especificas y trabajo tutorizado. Horario de ma\u00f1ana y tarde<\/p>\n\n\n\n<p>Trabajo inter-sesiones del alumno (4 horas opcionales en laboratorio HT-O)<\/p>\n\n\n\n<p>La asistencia a las sesiones de disecci\u00f3n virtual ser\u00e1 imprescindible para poder realizar las sesiones de disecci\u00f3n en piezas anat\u00f3micas reales.<\/p>\n\n\n\n<p>B) <strong>Disecci\u00f3n Real en Hueso Temporal <\/strong><strong>Fresco Descongelado<\/strong><\/p>\n\n\n\n<p>2 Sesiones; ma\u00f1ana y tarde en viernes y s\u00e1bado con trabajo tutorizado<\/p>\n\n\n\n<p><strong>Mi\u00e9rcoles 20 y Jueves 21 de octubre,\u00a0<\/strong>sesi\u00f3n de ma\u00f1ana y tarde                                                                              Laboratorio de Otocirug\u00eda y Disecci\u00f3n del Hueso Temporal. Facultad de Medicina<\/p>\n\n\n\n<p>8:45 \u2013 9:00 Bienvenida y Presentaci\u00f3n del curso. Plan de formaci\u00f3n, desarrollo e instalaciones por el Prof. R. Urquiza<br>9:00 \u2013 9:30 Conferencia \u201cContingente Vascular del Hueso Temporal\u201d por el Prof. A Smith9:30 \u2013 10:00 Conferencia \u201cContingente Neural del Hueso Temporal\u201d. por el Prof. V. Smith10:00 \u2013 10:30 Introducci\u00f3n al software VES\u00a010:30 \u2013 11:00 Conferencia \u00abErgonom\u00eda y T\u00e9cnica de disecci\u00f3n otol\u00f3gica\u00bb por el Prof. R. Urquiza11:00 \u2013 11:30. Descanso \/ Caf\u00e9<br>11:30 \u2013 14:00. Sesi\u00f3n I de Disecci\u00f3n Virtual VES<br>14:00 \u2013 15:00. Almuerzo<br>15:00 \u2013 20:00. Sesi\u00f3n II de Disecci\u00f3n Virtual VES<\/p>\n\n\n\n<p><br><strong>Viernes 22 de octubre<\/strong>, sesi\u00f3n de ma\u00f1ana y tarde                                                                                                               Laboratorio de Otocirug\u00eda y Disecci\u00f3n del Hueso Temporal. Facultad de Medicina<br>9:00 \u2013 11:00 Sesi\u00f3n I de disecci\u00f3n real guiada por prosector<br>11:00 \u2013 11:30 Descanso \/ Caf\u00e9<br>11:30 \u2013 14:00 Sesi\u00f3n I de disecci\u00f3n real guiada por prosector<br>14:00 \u2013 15:00 Almuerzo<br>15:00 \u2013 19:00 Sesi\u00f3n I de disecci\u00f3n real guiada por prosector<br>21h Cena de gala del curso<\/p>\n\n\n\n<p><br><strong>S\u00e1bado 23 de octubre<\/strong>, sesi\u00f3n de ma\u00f1ana y tarde                                                                                                        Laboratorio de Otocirug\u00eda y Disecci\u00f3n del Hueso Temporal. Facultad de Medicina<br>9:00 \u2013 11:00 Sesi\u00f3n II de disecci\u00f3n real guiada por prosector<br>11:00 \u2013 11:30 Descanso \/ Caf\u00e9<br>11:30\u2013 14:00 Sesi\u00f3n II de disecci\u00f3n real guiada por prosector<br>14:00 \u2013 15:00 Almuerzo<br>15:00 \u2013 20:00 Sesi\u00f3n II de disecci\u00f3n real guiada por prosector<\/p>\n\n\n\n<p><em>*Esta planificaci\u00f3n podr\u00eda sufrir modificaciones por causas ajenas a la organizaci\u00f3n, como la evoluci\u00f3n de la pandemia actual de SARS-COV-2<\/em>.<\/p>\n","protected":false},"excerpt":{"rendered":"<p>A) Disecci\u00f3n Virtual en Entorno VES 3D Sesiones con presentaciones especificas y trabajo tutorizado. Horario de ma\u00f1ana y tarde Trabajo inter-sesiones del alumno (4 horas opcionales en laboratorio HT-O) La asistencia a las sesiones de disecci\u00f3n virtual ser\u00e1 imprescindible para poder realizar las sesiones de disecci\u00f3n en piezas anat\u00f3micas reales. B) Disecci\u00f3n Real en Hueso&#8230; <\/p>\n<div class=\"read-more navbutton\"><a href=\"https:\/\/www.mitbcourses.es\/es\/programa\/\">Leer m\u00e1s<i class=\"fa fa-angle-double-right\"><\/i><\/a><\/div>\n","protected":false},"author":1,"featured_media":0,"parent":0,"menu_order":0,"comment_status":"closed","ping_status":"closed","template":"","meta":[],"translation":{"provider":"WPGlobus","version":"2.7.3","language":"es","enabled_languages":["en","es"],"languages":{"en":{"title":true,"content":true,"excerpt":false},"es":{"title":true,"content":true,"excerpt":false}}},"_links":{"self":[{"href":"https:\/\/www.mitbcourses.es\/es\/wp-json\/wp\/v2\/pages\/310"}],"collection":[{"href":"https:\/\/www.mitbcourses.es\/es\/wp-json\/wp\/v2\/pages"}],"about":[{"href":"https:\/\/www.mitbcourses.es\/es\/wp-json\/wp\/v2\/types\/page"}],"author":[{"embeddable":true,"href":"https:\/\/www.mitbcourses.es\/es\/wp-json\/wp\/v2\/users\/1"}],"replies":[{"embeddable":true,"href":"https:\/\/www.mitbcourses.es\/es\/wp-json\/wp\/v2\/comments?post=310"}],"version-history":[{"count":28,"href":"https:\/\/www.mitbcourses.es\/es\/wp-json\/wp\/v2\/pages\/310\/revisions"}],"predecessor-version":[{"id":509,"href":"https:\/\/www.mitbcourses.es\/es\/wp-json\/wp\/v2\/pages\/310\/revisions\/509"}],"wp:attachment":[{"href":"https:\/\/www.mitbcourses.es\/es\/wp-json\/wp\/v2\/media?parent=310"}],"curies":[{"name":"wp","href":"https:\/\/api.w.org\/{rel}","templated":true}]}}