{"id":21,"date":"2010-07-29T17:09:22","date_gmt":"2010-07-29T17:09:22","guid":{"rendered":"http:\/\/blog.mitbcourses.es\/?page_id=21"},"modified":"2021-05-11T07:03:14","modified_gmt":"2021-05-11T07:03:14","slug":"welcome","status":"publish","type":"page","link":"https:\/\/www.mitbcourses.es\/es\/welcome\/","title":{"rendered":"Bienvenida"},"content":{"rendered":"\n<p>Desde la <strong>C\u00e1tedra de Otorrinolaringolog\u00eda de la Universidad de M\u00e1laga<\/strong> en<br>colaboraci\u00f3n con al <strong>Asociaci\u00f3n Auditus Ed&amp;In <\/strong>presentamos los <strong>cursos de<br>disecci\u00f3n de hueso temporal y cirug\u00eda<\/strong> Otol\u00f3gica destinados primeramente<br>a residentes de la comunidad aut\u00f3noma de Andaluc\u00eda y otras comunidades y<br>pa\u00edses. En particular, en la provincia de M\u00e1laga, estos cursos se<br>integran en el Plan de Formaci\u00f3n en Cirug\u00eda ORL para los m\u00e9dicos<br>residentes de ORL de los hospitales docentes malague\u00f1os.<\/p>\n\n\n\n<p>Este a\u00f1o contamos con nuevo patrocinador y colaborador en la<br>organizaci\u00f3n: <a href=\"https:\/\/www.oirt.es\/\" target=\"_blank\" rel=\"noreferrer noopener\">OIR-T<\/a>, que participa en la organizaci\u00f3n log\u00edstica<br>de los mismos dentro de Andaluc\u00eda.<\/p>\n\n\n\n<p>Este a\u00f1o contamos tambi\u00e9n con unas nuevas instalaciones estables en el<br>Area de Otorrinolaringolog\u00eda de la Facultad de Medicina: el Laboratorio<br>de<strong> Hueso Temporal y Otolog\u00eda<\/strong> experimental del <strong>Grupo Ototech<\/strong>. Este<br>laboratorio cuenta con 16 puestos de Disecci\u00f3n Real y 2 puestos de<br>Disecci\u00f3n Virtual preparatoria en el entorno VES con dispositivos<br>h\u00e1pticos. Estas instalaciones cumplen la normativa COVID 19.<\/p>\n\n\n\n<p>Existen otros modelos de cursos con distintos destinatarios, contenidos<br>mas espec\u00edficos o otras \u00e1mbitos de la ORL que se iran ofertando en esta<br>web en su debido momento y contaran con diversos profesorado nacional e<br>internacional.<\/p>\n\n\n\n<p>Hemos realizado este esfuerzo porque estamos convencidos de la necesidad<br>y el valor de estos cursos para los residentes y especialistas en<br>formaci\u00f3n, especialmente en los momentos que estamos viviendo y que<br>tanto limitan la oferta de docencia practica tan necesaria en este<br>campo.<\/p>\n\n\n\n<p>La oferta mas detallada esta disponible en los enlaces de esta Web.<\/p>\n\n\n\n<p>Bienvenidos<\/p>\n\n\n\n<p><strong>Prof.Dr. R. Urquiza.<\/strong><br>Director del Programa de Formaci\u00f3n ORL y los Cursos de Cirug\u00eda ORL.<\/p>\n","protected":false},"excerpt":{"rendered":"<p>Desde la C\u00e1tedra de Otorrinolaringolog\u00eda de la Universidad de M\u00e1laga encolaboraci\u00f3n con al Asociaci\u00f3n Auditus Ed&amp;In presentamos los cursos dedisecci\u00f3n de hueso temporal y cirug\u00eda Otol\u00f3gica destinados primeramentea residentes de la comunidad aut\u00f3noma de Andaluc\u00eda y otras comunidades ypa\u00edses. En particular, en la provincia de M\u00e1laga, estos cursos seintegran en el Plan de Formaci\u00f3n en&#8230; <\/p>\n<div class=\"read-more navbutton\"><a href=\"https:\/\/www.mitbcourses.es\/es\/welcome\/\">Leer m\u00e1s<i class=\"fa fa-angle-double-right\"><\/i><\/a><\/div>\n","protected":false},"author":1,"featured_media":0,"parent":0,"menu_order":0,"comment_status":"closed","ping_status":"closed","template":"","meta":[],"translation":{"provider":"WPGlobus","version":"2.7.3","language":"es","enabled_languages":["en","es"],"languages":{"en":{"title":true,"content":false,"excerpt":false},"es":{"title":true,"content":true,"excerpt":false}}},"_links":{"self":[{"href":"https:\/\/www.mitbcourses.es\/es\/wp-json\/wp\/v2\/pages\/21"}],"collection":[{"href":"https:\/\/www.mitbcourses.es\/es\/wp-json\/wp\/v2\/pages"}],"about":[{"href":"https:\/\/www.mitbcourses.es\/es\/wp-json\/wp\/v2\/types\/page"}],"author":[{"embeddable":true,"href":"https:\/\/www.mitbcourses.es\/es\/wp-json\/wp\/v2\/users\/1"}],"replies":[{"embeddable":true,"href":"https:\/\/www.mitbcourses.es\/es\/wp-json\/wp\/v2\/comments?post=21"}],"version-history":[{"count":75,"href":"https:\/\/www.mitbcourses.es\/es\/wp-json\/wp\/v2\/pages\/21\/revisions"}],"predecessor-version":[{"id":348,"href":"https:\/\/www.mitbcourses.es\/es\/wp-json\/wp\/v2\/pages\/21\/revisions\/348"}],"wp:attachment":[{"href":"https:\/\/www.mitbcourses.es\/es\/wp-json\/wp\/v2\/media?parent=21"}],"curies":[{"name":"wp","href":"https:\/\/api.w.org\/{rel}","templated":true}]}}